{"id":97,"date":"2023-05-28T21:15:29","date_gmt":"2023-05-28T19:15:29","guid":{"rendered":"https:\/\/kamikoliveoil.com\/?page_id=97"},"modified":"2024-01-15T18:57:31","modified_gmt":"2024-01-15T16:57:31","slug":"home","status":"publish","type":"page","link":"https:\/\/kamikoliveoil.com\/hr\/","title":{"rendered":"Kamik &#8211; Extra Virgin Olive Oil"},"content":{"rendered":"<div class=\"fusion-fullwidth fullwidth-box fusion-builder-row-1 fusion-flex-container nonhundred-percent-fullwidth non-hundred-percent-height-scrolling\" style=\"--awb-background-blend-mode:overlay;--awb-border-radius-top-left:0px;--awb-border-radius-top-right:0px;--awb-border-radius-bottom-right:0px;--awb-border-radius-bottom-left:0px;--awb-padding-top:5%;--awb-padding-right:0px;--awb-padding-bottom:0px;--awb-padding-left:5px;--awb-padding-top-small:10%;--awb-background-color:rgba(58,58,58,0.75);--awb-flex-wrap:wrap;--awb-flex-wrap-medium:wrap;\" ><div class=\"fusion-builder-row fusion-row fusion-flex-align-items-flex-start fusion-flex-content-wrap\" style=\"max-width:1248px;margin-left: calc(-4% \/ 2 );margin-right: calc(-4% \/ 2 );\"><div class=\"fusion-layout-column fusion_builder_column fusion-builder-column-0 fusion_builder_column_1_1 1_1 fusion-flex-column\" style=\"--awb-bg-size:cover;--awb-width-large:100%;--awb-margin-top-large:0px;--awb-spacing-right-large:1.92%;--awb-margin-bottom-large:20px;--awb-spacing-left-large:1.92%;--awb-width-medium:100%;--awb-order-medium:0;--awb-spacing-right-medium:1.92%;--awb-spacing-left-medium:1.92%;--awb-width-small:100%;--awb-order-small:0;--awb-spacing-right-small:1.92%;--awb-spacing-left-small:1.92%;\"><div class=\"fusion-column-wrapper fusion-column-has-shadow fusion-flex-justify-content-flex-start fusion-content-layout-column\"><div class=\"fusion-text fusion-text-1 fusion-animated\" style=\"--awb-text-color:#d3d3d3;--awb-text-font-family:&#039;Lucida Sans Unicode&#039;, &#039;Lucida Grande&#039;, sans-serif;--awb-text-font-style:normal;--awb-text-font-weight:400;\" data-animationtype=\"fadeInLeft\" data-animationduration=\"3.0\" data-animationoffset=\"top-into-view\"><p style=\"text-align: center;\"><em>OLEA PRIMA OMNIUM ARBORUM EST!<\/em><\/p>\n<p style=\"text-align: center;\">Maslina je prva me\u0111u svim drve\u0107em!<\/p>\n<p style=\"text-align: center; font-size: 12px;\">&nbsp; &nbsp; &nbsp; &nbsp; &nbsp; &nbsp; &nbsp; &nbsp; &nbsp; &nbsp; &nbsp; &nbsp; &nbsp; &nbsp; &nbsp; &nbsp; &nbsp; &nbsp; &nbsp; <em>Lucius Junius Moderatus Columella<\/em><\/p>\n<\/div><\/div><\/div><div class=\"fusion-layout-column fusion_builder_column fusion-builder-column-1 fusion_builder_column_1_1 1_1 fusion-flex-column\" style=\"--awb-overflow:hidden;--awb-bg-blend:overlay;--awb-bg-size:cover;--awb-width-large:100%;--awb-margin-top-large:0px;--awb-spacing-right-large:1.92%;--awb-margin-bottom-large:0px;--awb-spacing-left-large:1.92%;--awb-width-medium:100%;--awb-spacing-right-medium:1.92%;--awb-spacing-left-medium:1.92%;--awb-width-small:100%;--awb-spacing-right-small:1.92%;--awb-spacing-left-small:1.92%;\"><div class=\"fusion-column-wrapper fusion-flex-justify-content-flex-start fusion-content-layout-column\"><div class=\"fusion-text fusion-text-2\" style=\"--awb-text-color:#d3d3d3;--awb-margin-top:0px;--awb-text-font-family:&#039;Lucida Sans Unicode&#039;, &#039;Lucida Grande&#039;, sans-serif;--awb-text-font-style:normal;--awb-text-font-weight:400;\"><div class=\"fusion-layout-column fusion_builder_column fusion-builder-column-2 fusion_builder_column_1_2 1_2 fusion-flex-column\">\n<div class=\"fusion-column-wrapper fusion-flex-justify-content-flex-start fusion-content-layout-column\">\n<div class=\"fusion-text fusion-text-2\">\n<div>\n<p style=\"text-align: center;\"><strong>Povijest kamika...<\/strong><\/p>\n<hr>\n<p style=\"color: #d8d8d8;\">Nema obitelji diljem Mediterana, a mo\u017eda i \u0161ire, koja pod svojim krovom nije imala barem jedan primjerak ove predivne kamenice. U svakom kraju nazivana drugim imenom, u na\u0161oj obitelji ve\u0107 generacijama zapam\u0107ena kao Kamik. Raznih veli\u010dina i oblika, ali s jednom ulogom; \u010duvanje teku\u0107eg zlata \u2013 maslinovog ulja.<\/p>\n<p>Zahvaljuju\u0107i lokalnim majstorima klesarima svaki je Kamik bio unikatan, isklesan iz kamenih blokova, a zatvarao se drvenim poklopcima. Uz amfore, bio je to naj\u010de\u0161\u0107i na\u010din skladi\u0161tenja maslinova ulja stolje\u0107ima. Danas, zbog poznatih u\u010dinaka kisika na kvalitetu maslinova ulja, Kamik se koristi tek kao ukras oku\u0107nica i terasa, prisje\u0107aju\u0107i nas na neka pro\u0161la vremena, vra\u0107aju\u0107i nam miris maslinova ulja iz djetinjstva na\u0161ih predaka.<\/p>\n<hr>\n<\/div>\n<\/div>\n<\/div>\n<\/div>\n<div class=\"fusion-layout-column fusion_builder_column fusion-builder-column-3 fusion_builder_column_1_2 1_2 fusion-flex-column\"><\/div>\n<\/div><\/div><\/div><\/div><\/div>","protected":false},"excerpt":{"rendered":"","protected":false},"author":1,"featured_media":0,"parent":0,"menu_order":0,"comment_status":"closed","ping_status":"closed","template":"100-width.php","meta":[],"acf":[],"_links":{"self":[{"href":"https:\/\/kamikoliveoil.com\/hr\/wp-json\/wp\/v2\/pages\/97"}],"collection":[{"href":"https:\/\/kamikoliveoil.com\/hr\/wp-json\/wp\/v2\/pages"}],"about":[{"href":"https:\/\/kamikoliveoil.com\/hr\/wp-json\/wp\/v2\/types\/page"}],"author":[{"embeddable":true,"href":"https:\/\/kamikoliveoil.com\/hr\/wp-json\/wp\/v2\/users\/1"}],"replies":[{"embeddable":true,"href":"https:\/\/kamikoliveoil.com\/hr\/wp-json\/wp\/v2\/comments?post=97"}],"version-history":[{"count":30,"href":"https:\/\/kamikoliveoil.com\/hr\/wp-json\/wp\/v2\/pages\/97\/revisions"}],"predecessor-version":[{"id":265,"href":"https:\/\/kamikoliveoil.com\/hr\/wp-json\/wp\/v2\/pages\/97\/revisions\/265"}],"wp:attachment":[{"href":"https:\/\/kamikoliveoil.com\/hr\/wp-json\/wp\/v2\/media?parent=97"}],"curies":[{"name":"wp","href":"https:\/\/api.w.org\/{rel}","templated":true}]}}