{"id":173,"date":"2023-10-28T21:03:08","date_gmt":"2023-10-28T19:03:08","guid":{"rendered":"https:\/\/kamikoliveoil.com\/?page_id=173"},"modified":"2024-01-15T17:40:25","modified_gmt":"2024-01-15T15:40:25","slug":"about-us","status":"publish","type":"page","link":"https:\/\/kamikoliveoil.com\/hr\/about-us\/","title":{"rendered":"O Nama"},"content":{"rendered":"<div class=\"fusion-fullwidth fullwidth-box fusion-builder-row-1 fusion-flex-container has-pattern-background has-mask-background nonhundred-percent-fullwidth non-hundred-percent-height-scrolling\" style=\"--awb-border-radius-top-left:0px;--awb-border-radius-top-right:0px;--awb-border-radius-bottom-right:0px;--awb-border-radius-bottom-left:0px;--awb-flex-wrap:wrap;\" ><div class=\"fusion-builder-row fusion-row fusion-flex-align-items-center fusion-flex-content-wrap\" style=\"max-width:1248px;margin-left: calc(-4% \/ 2 );margin-right: calc(-4% \/ 2 );\"><div class=\"fusion-layout-column fusion_builder_column fusion-builder-column-0 fusion_builder_column_1_3 1_3 fusion-flex-column\" style=\"--awb-bg-size:cover;--awb-width-large:33.333333333333%;--awb-margin-top-large:0px;--awb-spacing-right-large:5.76%;--awb-margin-bottom-large:20px;--awb-spacing-left-large:5.76%;--awb-width-medium:33.333333333333%;--awb-order-medium:0;--awb-spacing-right-medium:5.76%;--awb-spacing-left-medium:5.76%;--awb-width-small:100%;--awb-order-small:0;--awb-spacing-right-small:1.92%;--awb-spacing-left-small:1.92%;\"><div class=\"fusion-column-wrapper fusion-column-has-shadow fusion-flex-justify-content-flex-start fusion-content-layout-column\"><div class=\"fusion-image-element\" style=\"--awb-caption-title-font-family:var(--h2_typography-font-family);--awb-caption-title-font-weight:var(--h2_typography-font-weight);--awb-caption-title-font-style:var(--h2_typography-font-style);--awb-caption-title-size:var(--h2_typography-font-size);--awb-caption-title-transform:var(--h2_typography-text-transform);--awb-caption-title-line-height:var(--h2_typography-line-height);--awb-caption-title-letter-spacing:var(--h2_typography-letter-spacing);\"><span class=\"fusion-imageframe imageframe-none imageframe-1 hover-type-zoomin\"><img decoding=\"async\" width=\"932\" height=\"932\" title=\"IMG_20181026_153914_076\" src=\"https:\/\/kamikoliveoil.com\/wp-content\/uploads\/2023\/11\/IMG_20181026_153914_076.jpg\" alt class=\"img-responsive wp-image-231\" srcset=\"https:\/\/kamikoliveoil.com\/wp-content\/uploads\/2023\/11\/IMG_20181026_153914_076-200x200.jpg 200w, https:\/\/kamikoliveoil.com\/wp-content\/uploads\/2023\/11\/IMG_20181026_153914_076-400x400.jpg 400w, https:\/\/kamikoliveoil.com\/wp-content\/uploads\/2023\/11\/IMG_20181026_153914_076-600x600.jpg 600w, https:\/\/kamikoliveoil.com\/wp-content\/uploads\/2023\/11\/IMG_20181026_153914_076-800x800.jpg 800w, https:\/\/kamikoliveoil.com\/wp-content\/uploads\/2023\/11\/IMG_20181026_153914_076.jpg 932w\" sizes=\"(max-width: 640px) 100vw, 400px\" \/><\/span><\/div><\/div><\/div><div class=\"fusion-layout-column fusion_builder_column fusion-builder-column-1 fusion_builder_column_2_3 2_3 fusion-flex-column\" style=\"--awb-bg-size:cover;--awb-width-large:66.666666666667%;--awb-margin-top-large:0px;--awb-spacing-right-large:2.88%;--awb-margin-bottom-large:20px;--awb-spacing-left-large:2.88%;--awb-width-medium:66.666666666667%;--awb-order-medium:0;--awb-spacing-right-medium:2.88%;--awb-spacing-left-medium:2.88%;--awb-width-small:100%;--awb-order-small:0;--awb-spacing-right-small:1.92%;--awb-spacing-left-small:1.92%;\"><div class=\"fusion-column-wrapper fusion-column-has-shadow fusion-flex-justify-content-flex-start fusion-content-layout-column\"><div class=\"fusion-text fusion-text-1 fusion-animated\" style=\"--awb-text-font-family:&#039;Lucida Sans Unicode&#039;, &#039;Lucida Grande&#039;, sans-serif;--awb-text-font-style:normal;--awb-text-font-weight:400;\" data-animationtype=\"fadeInLeft\" data-animationduration=\"0.7\" data-animationoffset=\"top-into-view\"><p style=\"text-align: center;\">Na\u0161i maslinici smje\u0161teni su na pitoresknoj lokaciji sjeverne Istre, na nadmorskoj visini od 323 metra. Ovo idili\u010dno podru\u010dje pripada selu Sv. Donat u srcu sjeverne Istre. Osim slikovite visine koja pru\u017ea jedinstvenu perspektivu, na\u0161i maslinici tako\u0111er u\u017eivaju u blagodatima mediteranske klime koja pridonosi izvanrednoj kvaliteti na\u0161ih maslina. Posve\u0107eni smo proizvodnji vrhunskih maslinovih ulja koja odra\u017eavaju autenti\u010dni okus i bogatstvo sjeverne istarske terroirije. S na\u0161im strastvenim pristupom i tradicijom koja se\u017ee generacijama unatrag, garantiramo vrhunsku kvalitetu u svakoj bo\u010dici na\u0161eg maslinovog ulja.<\/p>\n<\/div><\/div><\/div><\/div><\/div>","protected":false},"excerpt":{"rendered":"","protected":false},"author":1,"featured_media":0,"parent":0,"menu_order":0,"comment_status":"closed","ping_status":"closed","template":"100-width.php","meta":[],"acf":[],"_links":{"self":[{"href":"https:\/\/kamikoliveoil.com\/hr\/wp-json\/wp\/v2\/pages\/173"}],"collection":[{"href":"https:\/\/kamikoliveoil.com\/hr\/wp-json\/wp\/v2\/pages"}],"about":[{"href":"https:\/\/kamikoliveoil.com\/hr\/wp-json\/wp\/v2\/types\/page"}],"author":[{"embeddable":true,"href":"https:\/\/kamikoliveoil.com\/hr\/wp-json\/wp\/v2\/users\/1"}],"replies":[{"embeddable":true,"href":"https:\/\/kamikoliveoil.com\/hr\/wp-json\/wp\/v2\/comments?post=173"}],"version-history":[{"count":10,"href":"https:\/\/kamikoliveoil.com\/hr\/wp-json\/wp\/v2\/pages\/173\/revisions"}],"predecessor-version":[{"id":261,"href":"https:\/\/kamikoliveoil.com\/hr\/wp-json\/wp\/v2\/pages\/173\/revisions\/261"}],"wp:attachment":[{"href":"https:\/\/kamikoliveoil.com\/hr\/wp-json\/wp\/v2\/media?parent=173"}],"curies":[{"name":"wp","href":"https:\/\/api.w.org\/{rel}","templated":true}]}}